{"id":1855,"date":"2022-03-25T15:39:07","date_gmt":"2022-03-25T15:39:07","guid":{"rendered":"https:\/\/sunwise.lv\/komanda\/"},"modified":"2023-10-31T11:40:39","modified_gmt":"2023-10-31T11:40:39","slug":"komanda","status":"publish","type":"page","link":"https:\/\/sunwise.lv\/lv\/komanda\/","title":{"rendered":"Komanda"},"content":{"rendered":"<p>[et_pb_section fb_built=&#8221;1&#8243; _builder_version=&#8221;4.16&#8243; custom_margin=&#8221;||-30px|||&#8221; custom_padding=&#8221;37px|||||&#8221; global_colors_info=&#8221;{}&#8221;][et_pb_row _builder_version=&#8221;4.16&#8243; background_size=&#8221;initial&#8221; background_position=&#8221;top_left&#8221; background_repeat=&#8221;repeat&#8221; global_colors_info=&#8221;{}&#8221;][et_pb_column type=&#8221;4_4&#8243; _builder_version=&#8221;4.16&#8243; custom_padding=&#8221;|||&#8221; global_colors_info=&#8221;{}&#8221; custom_padding__hover=&#8221;|||&#8221;][et_pb_text _builder_version=&#8221;4.16&#8243; text_font=&#8221;Rubik||||||||&#8221; text_text_color=&#8221;#000000&#8243; text_font_size=&#8221;29px&#8221; text_line_height=&#8221;1.6em&#8221; header_font=&#8221;Rubik||||||||&#8221; header_text_color=&#8221;#0666ff&#8221; header_font_size=&#8221;20px&#8221; header_2_font=&#8221;Rubik||||||||&#8221; header_2_text_color=&#8221;#0666ff&#8221; header_2_font_size=&#8221;20px&#8221; header_2_line_height=&#8221;1.6em&#8221; background_size=&#8221;initial&#8221; background_position=&#8221;top_left&#8221; background_repeat=&#8221;repeat&#8221; text_font_size_tablet=&#8221;29px&#8221; text_font_size_phone=&#8221;20px&#8221; text_font_size_last_edited=&#8221;on|phone&#8221; header_2_font_size_tablet=&#8221;20px&#8221; header_2_font_size_phone=&#8221;20px&#8221; header_2_font_size_last_edited=&#8221;on|phone&#8221; global_colors_info=&#8221;{}&#8221;]<\/p>\n<h2>Iepaz\u012bstieties ar m\u016bsu pamatkomandu<\/h2>\n<p><span style=\"font-weight: 400;\">Ar vair\u0101k nek\u0101 15 gadu pieredzi invest\u012bciju un biznesa att\u012bst\u012bb\u0101 m\u0113s esam komanda, kuras m\u0113r\u0137is ir apvienot savas prasmes, lai veidotu za\u013c\u0101ku, p\u0101rtiku\u0161\u0101ku un ilgtsp\u0113j\u012bg\u0101ku n\u0101kotni ikvienam m\u016bsu re\u0123ion\u0101.<\/span><\/p>\n<p>[\/et_pb_text][\/et_pb_column][\/et_pb_row][\/et_pb_section][et_pb_section fb_built=&#8221;1&#8243; disabled_on=&#8221;on|on|on&#8221; admin_label=&#8221;Section&#8221; _builder_version=&#8221;4.16&#8243; min_height=&#8221;665.6px&#8221; custom_padding=&#8221;1px|||||&#8221; hover_enabled=&#8221;0&#8243; disabled=&#8221;on&#8221; global_colors_info=&#8221;{}&#8221; sticky_enabled=&#8221;0&#8243;][et_pb_row column_structure=&#8221;1_4,1_4,1_4,1_4&#8243; _builder_version=&#8221;4.17.4&#8243; background_size=&#8221;initial&#8221; background_position=&#8221;top_left&#8221; background_repeat=&#8221;repeat&#8221; hover_enabled=&#8221;0&#8243; global_colors_info=&#8221;{}&#8221; sticky_enabled=&#8221;0&#8243;][et_pb_column type=&#8221;1_4&#8243; _builder_version=&#8221;4.17.4&#8243; _module_preset=&#8221;default&#8221; global_colors_info=&#8221;{}&#8221;][et_pb_team_member name=&#8221;Andrejs Snegirjovs&#8221; position=&#8221;Izpilddirektors&#8221; image_url=&#8221;https:\/\/sunwise.lv\/wp-content\/uploads\/2022\/10\/venture-475-Edit-scaled.jpg&#8221; icon_color=&#8221;#2ea3f2&#8243; admin_label=&#8221;Team Member&#8221; _builder_version=&#8221;4.17.4&#8243; header_font=&#8221;Rubik||||||||&#8221; header_font_size=&#8221;20px&#8221; body_font=&#8221;Rubik||||||||&#8221; position_text_color=&#8221;#000000&#8243; position_font_size=&#8221;20px&#8221; background_size=&#8221;initial&#8221; background_position=&#8221;top_left&#8221; background_repeat=&#8221;repeat&#8221; min_height=&#8221;413.6px&#8221; custom_padding=&#8221;||0px|||&#8221; animation=&#8221;fade_in&#8221; hover_enabled=&#8221;0&#8243; header_font_size_tablet=&#8221;&#8221; header_font_size_phone=&#8221;20px&#8221; header_font_size_last_edited=&#8221;on|phone&#8221; position_text_color_tablet=&#8221;#000000&#8243; position_text_color_phone=&#8221;#000000&#8243; position_text_color_last_edited=&#8221;on|phone&#8221; position_font_size_tablet=&#8221;&#8221; position_font_size_phone=&#8221;20px&#8221; position_font_size_last_edited=&#8221;on|phone&#8221; custom_css_title=&#8221;font-weight: 400;&#8221; custom_css_member_position=&#8221;font-weight: 400;&#8221; global_colors_info=&#8221;{}&#8221; sticky_enabled=&#8221;0&#8243;][\/et_pb_team_member][et_pb_button button_url=&#8221;https:\/\/www.linkedin.com\/in\/andrejs-snegirjovs-1045b0102\/&#8221; url_new_window=&#8221;on&#8221; button_text=&#8221;in&#8221; _builder_version=&#8221;4.17.4&#8243; _module_preset=&#8221;default&#8221; global_colors_info=&#8221;{}&#8221;][\/et_pb_button][\/et_pb_column][et_pb_column type=&#8221;1_4&#8243; _builder_version=&#8221;4.16&#8243; custom_padding=&#8221;|||&#8221; global_colors_info=&#8221;{}&#8221; custom_padding__hover=&#8221;|||&#8221;][et_pb_team_member name=&#8221;Zeev Strucovskis&#8221; position=&#8221;Strat\u0113\u0123iskais partneris&#8221; image_url=&#8221;https:\/\/sunwise.lv\/wp-content\/uploads\/2022\/03\/612674dac6537b08de84c83b_venture-faculty-zeev-strutsovski.jpeg&#8221; icon_color=&#8221;#2ea3f2&#8243; admin_label=&#8221;Team Member&#8221; _builder_version=&#8221;4.17.4&#8243; header_font=&#8221;Rubik||||||||&#8221; header_font_size=&#8221;20px&#8221; body_font=&#8221;Rubik||||||||&#8221; body_text_color=&#8221;#000000&#8243; position_text_color=&#8221;#000000&#8243; position_font_size=&#8221;20px&#8221; background_size=&#8221;initial&#8221; background_position=&#8221;top_left&#8221; background_repeat=&#8221;repeat&#8221; min_height=&#8221;413.6px&#8221; custom_padding=&#8221;||0px|||&#8221; animation=&#8221;fade_in&#8221; header_font_size_tablet=&#8221;&#8221; header_font_size_phone=&#8221;20px&#8221; header_font_size_last_edited=&#8221;on|phone&#8221; position_font_size_tablet=&#8221;&#8221; position_font_size_phone=&#8221;20px&#8221; position_font_size_last_edited=&#8221;on|phone&#8221; custom_css_title=&#8221;font-weight: 400;&#8221; custom_css_member_position=&#8221;font-weight: 400;&#8221; global_colors_info=&#8221;{}&#8221;][\/et_pb_team_member][et_pb_button button_url=&#8221;https:\/\/www.linkedin.com\/in\/zeev-strutsovski-952a2b9\/&#8221; url_new_window=&#8221;on&#8221; button_text=&#8221;in&#8221; _builder_version=&#8221;4.17.4&#8243; _module_preset=&#8221;default&#8221; global_colors_info=&#8221;{}&#8221;][\/et_pb_button][\/et_pb_column][et_pb_column type=&#8221;1_4&#8243; _builder_version=&#8221;4.17.4&#8243; _module_preset=&#8221;default&#8221; global_colors_info=&#8221;{}&#8221;][\/et_pb_column][et_pb_column type=&#8221;1_4&#8243; _builder_version=&#8221;4.17.4&#8243; _module_preset=&#8221;default&#8221; global_colors_info=&#8221;{}&#8221;][\/et_pb_column][\/et_pb_row][\/et_pb_section][et_pb_section fb_built=&#8221;1&#8243; admin_label=&#8221;Section&#8221; _builder_version=&#8221;4.16&#8243; min_height=&#8221;665.6px&#8221; custom_padding=&#8221;1px|||||&#8221; hover_enabled=&#8221;0&#8243; global_colors_info=&#8221;{}&#8221; sticky_enabled=&#8221;0&#8243;][et_pb_row column_structure=&#8221;1_3,1_3,1_3&#8243; _builder_version=&#8221;4.17.4&#8243; background_size=&#8221;initial&#8221; background_position=&#8221;top_left&#8221; background_repeat=&#8221;repeat&#8221; hover_enabled=&#8221;0&#8243; global_colors_info=&#8221;{}&#8221; sticky_enabled=&#8221;0&#8243;][et_pb_column type=&#8221;1_3&#8243; _builder_version=&#8221;4.17.4&#8243; _module_preset=&#8221;default&#8221; global_colors_info=&#8221;{}&#8221;][et_pb_team_member name=&#8221;Andrejs Snegirjovs&#8221; position=&#8221;Izpilddirektors&#8221; image_url=&#8221;https:\/\/sunwise.lv\/wp-content\/uploads\/2022\/10\/venture-475-Edit-scaled.jpg&#8221; icon_color=&#8221;#2ea3f2&#8243; admin_label=&#8221;Team Member&#8221; _builder_version=&#8221;4.17.4&#8243; header_font=&#8221;Rubik||||||||&#8221; header_font_size=&#8221;20px&#8221; body_font=&#8221;Rubik||||||||&#8221; position_text_color=&#8221;#000000&#8243; position_font_size=&#8221;20px&#8221; background_size=&#8221;initial&#8221; background_position=&#8221;top_left&#8221; background_repeat=&#8221;repeat&#8221; min_height=&#8221;413.6px&#8221; custom_padding=&#8221;||0px|||&#8221; animation=&#8221;fade_in&#8221; link_option_url=&#8221;https:\/\/www.linkedin.com\/in\/andrejs-snegirjovs-1045b0102\/&#8221; header_font_size_tablet=&#8221;&#8221; header_font_size_phone=&#8221;20px&#8221; header_font_size_last_edited=&#8221;on|phone&#8221; position_text_color_tablet=&#8221;#000000&#8243; position_text_color_phone=&#8221;#000000&#8243; position_text_color_last_edited=&#8221;on|phone&#8221; position_font_size_tablet=&#8221;&#8221; position_font_size_phone=&#8221;20px&#8221; position_font_size_last_edited=&#8221;on|phone&#8221; custom_css_title=&#8221;font-weight: 400;&#8221; custom_css_member_position=&#8221;font-weight: 400;&#8221; global_colors_info=&#8221;{}&#8221;][\/et_pb_team_member][et_pb_button button_url=&#8221;https:\/\/www.linkedin.com\/in\/andrejs-snegirjovs-1045b0102\/&#8221; url_new_window=&#8221;on&#8221; button_text=&#8221;in&#8221; _builder_version=&#8221;4.17.4&#8243; _module_preset=&#8221;default&#8221; global_colors_info=&#8221;{}&#8221;][\/et_pb_button][\/et_pb_column][et_pb_column type=&#8221;1_3&#8243; _builder_version=&#8221;4.16&#8243; custom_padding=&#8221;|||&#8221; global_colors_info=&#8221;{}&#8221; custom_padding__hover=&#8221;|||&#8221;][et_pb_team_member name=&#8221;Zeev Strucovskis&#8221; position=&#8221;Strat\u0113\u0123iskais partneris&#8221; image_url=&#8221;https:\/\/sunwise.lv\/wp-content\/uploads\/2022\/03\/612674dac6537b08de84c83b_venture-faculty-zeev-strutsovski.jpeg&#8221; icon_color=&#8221;#2ea3f2&#8243; admin_label=&#8221;Team Member&#8221; _builder_version=&#8221;4.17.4&#8243; header_font=&#8221;Rubik||||||||&#8221; header_font_size=&#8221;20px&#8221; body_font=&#8221;Rubik||||||||&#8221; body_text_color=&#8221;#000000&#8243; position_text_color=&#8221;#000000&#8243; position_font_size=&#8221;20px&#8221; background_size=&#8221;initial&#8221; background_position=&#8221;top_left&#8221; background_repeat=&#8221;repeat&#8221; min_height=&#8221;413.6px&#8221; custom_padding=&#8221;||0px|||&#8221; animation=&#8221;fade_in&#8221; link_option_url=&#8221;https:\/\/www.linkedin.com\/in\/zeev-strutsovski-952a2b9\/&#8221; header_font_size_tablet=&#8221;&#8221; header_font_size_phone=&#8221;20px&#8221; header_font_size_last_edited=&#8221;on|phone&#8221; position_font_size_tablet=&#8221;&#8221; position_font_size_phone=&#8221;20px&#8221; position_font_size_last_edited=&#8221;on|phone&#8221; custom_css_title=&#8221;font-weight: 400;&#8221; custom_css_member_position=&#8221;font-weight: 400;&#8221; global_colors_info=&#8221;{}&#8221;][\/et_pb_team_member][et_pb_button button_url=&#8221;https:\/\/www.linkedin.com\/in\/zeev-strutsovski-952a2b9\/&#8221; url_new_window=&#8221;on&#8221; button_text=&#8221;in&#8221; _builder_version=&#8221;4.17.4&#8243; _module_preset=&#8221;default&#8221; global_colors_info=&#8221;{}&#8221;][\/et_pb_button][\/et_pb_column][et_pb_column type=&#8221;1_3&#8243; _builder_version=&#8221;4.17.4&#8243; _module_preset=&#8221;default&#8221; global_colors_info=&#8221;{}&#8221;][\/et_pb_column][\/et_pb_row][\/et_pb_section]<\/p>\n","protected":false},"excerpt":{"rendered":"<p>Iepaz\u012bstieties ar m\u016bsu pamatkomandu Ar vair\u0101k nek\u0101 15 gadu pieredzi invest\u012bciju un biznesa att\u012bst\u012bb\u0101 m\u0113s esam komanda, kuras m\u0113r\u0137is ir apvienot savas prasmes, lai veidotu za\u013c\u0101ku, p\u0101rtiku\u0161\u0101ku un ilgtsp\u0113j\u012bg\u0101ku n\u0101kotni ikvienam m\u016bsu re\u0123ion\u0101.<\/p>\n","protected":false},"author":2,"featured_media":0,"parent":0,"menu_order":0,"comment_status":"closed","ping_status":"closed","template":"","meta":{"_et_pb_use_builder":"on","_et_pb_old_content":"","_et_gb_content_width":"","footnotes":""},"class_list":["post-1855","page","type-page","status-publish","hentry"],"yoast_head":"<!-- This site is optimized with the Yoast SEO plugin v21.5 - https:\/\/yoast.com\/wordpress\/plugins\/seo\/ -->\n<title>Komanda - Sunwise<\/title>\n<meta name=\"robots\" content=\"index, follow, max-snippet:-1, max-image-preview:large, max-video-preview:-1\" \/>\n<link rel=\"canonical\" href=\"https:\/\/sunwise.lv\/team\/\" \/>\n<meta name=\"twitter:label1\" content=\"Est. reading time\" \/>\n\t<meta name=\"twitter:data1\" content=\"5 minutes\" \/>\n<script type=\"application\/ld+json\" class=\"yoast-schema-graph\">{\"@context\":\"https:\/\/schema.org\",\"@graph\":[{\"@type\":\"WebPage\",\"@id\":\"https:\/\/sunwise.lv\/team\/\",\"url\":\"https:\/\/sunwise.lv\/team\/\",\"name\":\"Komanda - Sunwise\",\"isPartOf\":{\"@id\":\"https:\/\/sunwise.lv\/#website\"},\"datePublished\":\"2022-03-25T15:39:07+00:00\",\"dateModified\":\"2023-10-31T11:40:39+00:00\",\"breadcrumb\":{\"@id\":\"https:\/\/sunwise.lv\/team\/#breadcrumb\"},\"inLanguage\":\"lv-LV\",\"potentialAction\":[{\"@type\":\"ReadAction\",\"target\":[\"https:\/\/sunwise.lv\/team\/\"]}]},{\"@type\":\"BreadcrumbList\",\"@id\":\"https:\/\/sunwise.lv\/team\/#breadcrumb\",\"itemListElement\":[{\"@type\":\"ListItem\",\"position\":1,\"name\":\"Home\",\"item\":\"https:\/\/sunwise.lv\/\"},{\"@type\":\"ListItem\",\"position\":2,\"name\":\"Komanda\"}]},{\"@type\":\"WebSite\",\"@id\":\"https:\/\/sunwise.lv\/#website\",\"url\":\"https:\/\/sunwise.lv\/\",\"name\":\"Sunwise\",\"description\":\"Renewable energy solutions in the Baltics\",\"potentialAction\":[{\"@type\":\"SearchAction\",\"target\":{\"@type\":\"EntryPoint\",\"urlTemplate\":\"https:\/\/sunwise.lv\/?s={search_term_string}\"},\"query-input\":\"required name=search_term_string\"}],\"inLanguage\":\"lv-LV\"}]}<\/script>\n<!-- \/ Yoast SEO plugin. -->","yoast_head_json":{"title":"Komanda - Sunwise","robots":{"index":"index","follow":"follow","max-snippet":"max-snippet:-1","max-image-preview":"max-image-preview:large","max-video-preview":"max-video-preview:-1"},"canonical":"https:\/\/sunwise.lv\/team\/","twitter_misc":{"Est. reading time":"5 minutes"},"schema":{"@context":"https:\/\/schema.org","@graph":[{"@type":"WebPage","@id":"https:\/\/sunwise.lv\/team\/","url":"https:\/\/sunwise.lv\/team\/","name":"Komanda - Sunwise","isPartOf":{"@id":"https:\/\/sunwise.lv\/#website"},"datePublished":"2022-03-25T15:39:07+00:00","dateModified":"2023-10-31T11:40:39+00:00","breadcrumb":{"@id":"https:\/\/sunwise.lv\/team\/#breadcrumb"},"inLanguage":"lv-LV","potentialAction":[{"@type":"ReadAction","target":["https:\/\/sunwise.lv\/team\/"]}]},{"@type":"BreadcrumbList","@id":"https:\/\/sunwise.lv\/team\/#breadcrumb","itemListElement":[{"@type":"ListItem","position":1,"name":"Home","item":"https:\/\/sunwise.lv\/"},{"@type":"ListItem","position":2,"name":"Komanda"}]},{"@type":"WebSite","@id":"https:\/\/sunwise.lv\/#website","url":"https:\/\/sunwise.lv\/","name":"Sunwise","description":"Renewable energy solutions in the Baltics","potentialAction":[{"@type":"SearchAction","target":{"@type":"EntryPoint","urlTemplate":"https:\/\/sunwise.lv\/?s={search_term_string}"},"query-input":"required name=search_term_string"}],"inLanguage":"lv-LV"}]}},"_links":{"self":[{"href":"https:\/\/sunwise.lv\/lv\/wp-json\/wp\/v2\/pages\/1855","targetHints":{"allow":["GET"]}}],"collection":[{"href":"https:\/\/sunwise.lv\/lv\/wp-json\/wp\/v2\/pages"}],"about":[{"href":"https:\/\/sunwise.lv\/lv\/wp-json\/wp\/v2\/types\/page"}],"author":[{"embeddable":true,"href":"https:\/\/sunwise.lv\/lv\/wp-json\/wp\/v2\/users\/2"}],"replies":[{"embeddable":true,"href":"https:\/\/sunwise.lv\/lv\/wp-json\/wp\/v2\/comments?post=1855"}],"version-history":[{"count":5,"href":"https:\/\/sunwise.lv\/lv\/wp-json\/wp\/v2\/pages\/1855\/revisions"}],"predecessor-version":[{"id":2436,"href":"https:\/\/sunwise.lv\/lv\/wp-json\/wp\/v2\/pages\/1855\/revisions\/2436"}],"wp:attachment":[{"href":"https:\/\/sunwise.lv\/lv\/wp-json\/wp\/v2\/media?parent=1855"}],"curies":[{"name":"wp","href":"https:\/\/api.w.org\/{rel}","templated":true}]}}