{"id":1906,"date":"2022-01-16T15:37:58","date_gmt":"2022-01-16T15:37:58","guid":{"rendered":"https:\/\/sunwise.lv\/privatuma-politika\/"},"modified":"2026-01-23T16:18:47","modified_gmt":"2026-01-23T16:18:47","slug":"privatuma-politika","status":"publish","type":"page","link":"https:\/\/sunwise.lv\/lv\/privatuma-politika\/","title":{"rendered":"Priv\u0101tuma politika"},"content":{"rendered":"<p>[et_pb_section fb_built=&#8221;1&#8243; _builder_version=&#8221;4.16&#8243; _module_preset=&#8221;default&#8221; global_colors_info=&#8221;{}&#8221;][et_pb_row _builder_version=&#8221;4.16&#8243; _module_preset=&#8221;default&#8221; global_colors_info=&#8221;{}&#8221;][et_pb_column type=&#8221;4_4&#8243; _builder_version=&#8221;4.16&#8243; _module_preset=&#8221;default&#8221; global_colors_info=&#8221;{}&#8221;][et_pb_text _builder_version=&#8221;4.16&#8243; _module_preset=&#8221;default&#8221; global_colors_info=&#8221;{}&#8221;]<\/p>\n<h1 data-start=\"267\" data-end=\"291\"><strong data-start=\"269\" data-end=\"291\">PRIV\u0100TUMA POLITIKA<\/strong><\/h1>\n<p data-start=\"293\" data-end=\"339\"><strong data-start=\"293\" data-end=\"339\">P\u0113d\u0113joreiz atjaunin\u0101ta: 2026. gada janv\u0101r\u012b<\/strong><\/p>\n<p data-start=\"341\" data-end=\"581\">\u0160\u012b Priv\u0101tuma politika skaidro, k\u0101 <strong data-start=\"375\" data-end=\"390\">SIA Sunwise<\/strong>, Delu iela 4-8, R\u012bga, Latvija (\u201cSabiedr\u012bba\u201d, \u201cm\u0113s\u201d, \u201cmums\u201d, \u201cm\u016bsu\u201d) v\u0101c, izmanto, izpau\u017e un aizsarg\u0101 personas datus, kad J\u016bs izmantojat t\u012bmek\u013ca vietni <strong data-start=\"542\" data-end=\"564\"><a data-start=\"544\" data-end=\"562\" rel=\"noopener\" target=\"_new\" class=\"decorated-link\" href=\"https:\/\/sunwise.lv\/lv\/\">https:\/\/sunwise.lv<span aria-hidden=\"true\" class=\"ms-0.5 inline-block align-middle leading-none\"><svg xmlns=\"http:\/\/www.w3.org\/2000\/svg\" width=\"20\" height=\"20\" aria-hidden=\"true\" data-rtl-flip=\"\" class=\"block h-[0.75em] w-[0.75em] stroke-current stroke-[0.75]\"><use href=\"\/cdn\/assets\/sprites-core-k5zux585.svg#304883\" fill=\"currentColor\"><\/use><\/svg><\/span><\/a><\/strong> (\u201cPakalpojums\u201d).<\/p>\n<p data-start=\"583\" data-end=\"756\">Personas datu apstr\u0101de tiek veikta saska\u0146\u0101 ar <strong data-start=\"629\" data-end=\"697\">Eiropas Parlamenta un Padomes Regulu (ES) 2016\/679 (VDAR \/ GDPR)<\/strong> un piem\u0113rojamiem Latvijas Republikas normat\u012bvajiem aktiem.<\/p>\n<hr data-start=\"758\" data-end=\"761\" \/>\n<h2 data-start=\"763\" data-end=\"780\">1. Defin\u012bcijas<\/h2>\n<p data-start=\"782\" data-end=\"815\">\u0160\u012bs Priv\u0101tuma politikas izpratn\u0113:<\/p>\n<ul data-start=\"817\" data-end=\"1108\">\n<li data-start=\"817\" data-end=\"912\">\n<p data-start=\"819\" data-end=\"912\"><strong data-start=\"819\" data-end=\"836\">Personas dati<\/strong> \u2013 jebkura inform\u0101cija par identific\u0113tu vai identific\u0113jamu fizisku personu<\/p>\n<\/li>\n<li data-start=\"913\" data-end=\"966\">\n<p data-start=\"915\" data-end=\"966\"><strong data-start=\"915\" data-end=\"927\">Apstr\u0101de<\/strong> \u2013 jebkura darb\u012bba ar Personas datiem<\/p>\n<\/li>\n<li data-start=\"967\" data-end=\"997\">\n<p data-start=\"969\" data-end=\"997\"><strong data-start=\"969\" data-end=\"981\">P\u0101rzinis<\/strong> \u2013 SIA Sunwise<\/p>\n<\/li>\n<li data-start=\"998\" data-end=\"1053\">\n<p data-start=\"1000\" data-end=\"1053\"><strong data-start=\"1000\" data-end=\"1015\">Pakalpojums<\/strong> \u2013 t\u012bmek\u013ca vietne <a data-start=\"1033\" data-end=\"1051\" rel=\"noopener\" target=\"_new\" class=\"decorated-link\" href=\"https:\/\/sunwise.lv\/lv\/\">https:\/\/sunwise.lv<span aria-hidden=\"true\" class=\"ms-0.5 inline-block align-middle leading-none\"><svg xmlns=\"http:\/\/www.w3.org\/2000\/svg\" width=\"20\" height=\"20\" aria-hidden=\"true\" data-rtl-flip=\"\" class=\"block h-[0.75em] w-[0.75em] stroke-current stroke-[0.75]\"><use href=\"\/cdn\/assets\/sprites-core-k5zux585.svg#304883\" fill=\"currentColor\"><\/use><\/svg><\/span><\/a><\/p>\n<\/li>\n<li data-start=\"1054\" data-end=\"1108\">\n<p data-start=\"1056\" data-end=\"1108\"><strong data-start=\"1056\" data-end=\"1063\">J\u016bs<\/strong> \u2013 fiziska persona, kas izmanto Pakalpojumu<\/p>\n<\/li>\n<\/ul>\n<hr data-start=\"1110\" data-end=\"1113\" \/>\n<h2 data-start=\"1115\" data-end=\"1155\"><\/h2>\n<h2 data-start=\"1115\" data-end=\"1155\">2. Apkopoto personas datu kategorijas<\/h2>\n<h3 data-start=\"1157\" data-end=\"1191\">a) Dati, ko J\u016bs sniedzat tie\u0161i<\/h3>\n<ul data-start=\"1192\" data-end=\"1288\">\n<li data-start=\"1192\" data-end=\"1212\">\n<p data-start=\"1194\" data-end=\"1212\">V\u0101rds un uzv\u0101rds<\/p>\n<\/li>\n<li data-start=\"1213\" data-end=\"1231\">\n<p data-start=\"1215\" data-end=\"1231\">E-pasta adrese<\/p>\n<\/li>\n<li data-start=\"1232\" data-end=\"1250\">\n<p data-start=\"1234\" data-end=\"1250\">T\u0101lru\u0146a numurs<\/p>\n<\/li>\n<li data-start=\"1251\" data-end=\"1288\">\n<p data-start=\"1253\" data-end=\"1288\">J\u016bsu piepras\u012bjumu vai zi\u0146u saturs<\/p>\n<\/li>\n<\/ul>\n<h3 data-start=\"1290\" data-end=\"1323\">b) Autom\u0101tiski apkopotie dati<\/h3>\n<ul data-start=\"1324\" data-end=\"1457\">\n<li data-start=\"1324\" data-end=\"1337\">\n<p data-start=\"1326\" data-end=\"1337\">IP adrese<\/p>\n<\/li>\n<li data-start=\"1338\" data-end=\"1374\">\n<p data-start=\"1340\" data-end=\"1374\">P\u0101rl\u016bkprogrammas tips un versija<\/p>\n<\/li>\n<li data-start=\"1375\" data-end=\"1391\">\n<p data-start=\"1377\" data-end=\"1391\">Ier\u012bces dati<\/p>\n<\/li>\n<li data-start=\"1392\" data-end=\"1429\">\n<p data-start=\"1394\" data-end=\"1429\">Apmekl\u0113t\u0101s lapas, datums un laiks<\/p>\n<\/li>\n<li data-start=\"1430\" data-end=\"1457\">\n<p data-start=\"1432\" data-end=\"1457\">Atsauces (referrer) URL<\/p>\n<\/li>\n<\/ul>\n<hr data-start=\"1459\" data-end=\"1462\" \/>\n<h2 data-start=\"1464\" data-end=\"1527\"><\/h2>\n<h2 data-start=\"1464\" data-end=\"1527\">3. Personas datu apstr\u0101des tiesiskais pamats (VDAR 6. pants)<\/h2>\n<p data-start=\"1529\" data-end=\"1603\">Personas dati tiek apstr\u0101d\u0101ti, balstoties uz \u0161\u0101diem tiesiskajiem pamatiem:<\/p>\n<div class=\"TyagGW_tableContainer\">\n<div class=\"group TyagGW_tableWrapper flex flex-col-reverse w-fit\" tabindex=\"-1\">\n<table data-start=\"1605\" data-end=\"1950\" class=\"w-fit min-w-(--thread-content-width)\">\n<thead data-start=\"1605\" data-end=\"1635\">\n<tr data-start=\"1605\" data-end=\"1635\">\n<th data-start=\"1605\" data-end=\"1614\" data-col-size=\"sm\">Nol\u016bks<\/th>\n<th data-start=\"1614\" data-end=\"1635\" data-col-size=\"sm\">Tiesiskais pamats<\/th>\n<\/tr>\n<\/thead>\n<tbody data-start=\"1664\" data-end=\"1950\">\n<tr data-start=\"1664\" data-end=\"1710\">\n<td data-start=\"1664\" data-end=\"1692\" data-col-size=\"sm\">Pakalpojuma nodro\u0161in\u0101\u0161ana<\/td>\n<td data-col-size=\"sm\" data-start=\"1692\" data-end=\"1710\">L\u012bguma izpilde<\/td>\n<\/tr>\n<tr data-start=\"1711\" data-end=\"1763\">\n<td data-start=\"1711\" data-end=\"1740\" data-col-size=\"sm\">Atbildes uz piepras\u012bjumiem<\/td>\n<td data-col-size=\"sm\" data-start=\"1740\" data-end=\"1763\">Le\u0123it\u012bm\u0101s intereses<\/td>\n<\/tr>\n<tr data-start=\"1764\" data-end=\"1798\">\n<td data-start=\"1764\" data-end=\"1784\" data-col-size=\"sm\">M\u0101rketinga sazi\u0146a<\/td>\n<td data-col-size=\"sm\" data-start=\"1784\" data-end=\"1798\">Piekri\u0161ana<\/td>\n<\/tr>\n<tr data-start=\"1799\" data-end=\"1833\">\n<td data-start=\"1799\" data-end=\"1819\" data-col-size=\"sm\">Vietnes anal\u012btika<\/td>\n<td data-col-size=\"sm\" data-start=\"1819\" data-end=\"1833\">Piekri\u0161ana<\/td>\n<\/tr>\n<tr data-start=\"1834\" data-end=\"1893\">\n<td data-start=\"1834\" data-end=\"1862\" data-col-size=\"sm\">Normat\u012bvo aktu iev\u0113ro\u0161ana<\/td>\n<td data-col-size=\"sm\" data-start=\"1862\" data-end=\"1893\">Juridiska pien\u0101kuma izpilde<\/td>\n<\/tr>\n<tr data-start=\"1894\" data-end=\"1950\">\n<td data-start=\"1894\" data-end=\"1927\" data-col-size=\"sm\">Dro\u0161\u012bba un kr\u0101p\u0161anas nov\u0113r\u0161ana<\/td>\n<td data-col-size=\"sm\" data-start=\"1927\" data-end=\"1950\">Le\u0123it\u012bm\u0101s intereses<\/td>\n<\/tr>\n<\/tbody>\n<\/table>\n<\/div>\n<\/div>\n<p data-start=\"1952\" data-end=\"2026\">Ja apstr\u0101de balst\u0101s uz <strong data-start=\"1975\" data-end=\"1989\">piekri\u0161anu<\/strong>, J\u016bs varat to atsaukt jebkur\u0101 laik\u0101.<\/p>\n<hr data-start=\"2028\" data-end=\"2031\" \/>\n<h2 data-start=\"2033\" data-end=\"2071\"><\/h2>\n<h2 data-start=\"2033\" data-end=\"2071\">4. Personas datu izmanto\u0161anas m\u0113r\u0137i<\/h2>\n<p data-start=\"2073\" data-end=\"2108\">M\u0113s izmantojam Personas datus, lai:<\/p>\n<ul data-start=\"2109\" data-end=\"2374\">\n<li data-start=\"2109\" data-end=\"2148\">\n<p data-start=\"2111\" data-end=\"2148\">nodro\u0161in\u0101tu un uztur\u0113tu Pakalpojumu<\/p>\n<\/li>\n<li data-start=\"2149\" data-end=\"2200\">\n<p data-start=\"2151\" data-end=\"2200\">atbild\u0113tu uz J\u016bsu jaut\u0101jumiem un piepras\u012bjumiem<\/p>\n<\/li>\n<li data-start=\"2201\" data-end=\"2233\">\n<p data-start=\"2203\" data-end=\"2233\">nodro\u0161in\u0101tu klientu atbalstu<\/p>\n<\/li>\n<li data-start=\"2234\" data-end=\"2290\">\n<p data-start=\"2236\" data-end=\"2290\">nos\u016bt\u012btu m\u0101rketinga inform\u0101ciju (ar J\u016bsu piekri\u0161anu)<\/p>\n<\/li>\n<li data-start=\"2291\" data-end=\"2338\">\n<p data-start=\"2293\" data-end=\"2338\">uzlabotu vietnes funkcionalit\u0101ti un dro\u0161\u012bbu<\/p>\n<\/li>\n<li data-start=\"2339\" data-end=\"2374\">\n<p data-start=\"2341\" data-end=\"2374\">izpild\u012btu juridiskos pien\u0101kumus<\/p>\n<\/li>\n<\/ul>\n<hr data-start=\"2376\" data-end=\"2379\" \/>\n<h2 data-start=\"2381\" data-end=\"2434\"><\/h2>\n<h2 data-start=\"2381\" data-end=\"2434\">5. S\u012bkdatnes (Cookies) un izseko\u0161anas tehnolo\u0123ijas<\/h2>\n<p data-start=\"2436\" data-end=\"2486\">M\u0113s izmantojam s\u012bkdatnes un l\u012bdz\u012bgas tehnolo\u0123ijas.<\/p>\n<h3 data-start=\"2488\" data-end=\"2512\">S\u012bkdat\u0146u kategorijas<\/h3>\n<ul data-start=\"2513\" data-end=\"2786\">\n<li data-start=\"2513\" data-end=\"2583\">\n<p data-start=\"2515\" data-end=\"2583\"><strong data-start=\"2515\" data-end=\"2542\">Nepiecie\u0161am\u0101s s\u012bkdatnes<\/strong> \u2013 vietnes pamatfunkciju nodro\u0161in\u0101\u0161anai<\/p>\n<\/li>\n<li data-start=\"2584\" data-end=\"2646\">\n<p data-start=\"2586\" data-end=\"2646\"><strong data-start=\"2586\" data-end=\"2612\">Funkcion\u0101l\u0101s s\u012bkdatnes<\/strong> \u2013 lietot\u0101ja izv\u0113\u013cu saglab\u0101\u0161anai<\/p>\n<\/li>\n<li data-start=\"2647\" data-end=\"2727\">\n<p data-start=\"2649\" data-end=\"2727\"><strong data-start=\"2649\" data-end=\"2674\">Anal\u012btisk\u0101s s\u012bkdatnes<\/strong> \u2013 vietnes lietojuma anal\u012bzei (tikai ar piekri\u0161anu)<\/p>\n<\/li>\n<li data-start=\"2728\" data-end=\"2786\">\n<p data-start=\"2730\" data-end=\"2786\"><strong data-start=\"2730\" data-end=\"2754\">M\u0101rketinga s\u012bkdatnes<\/strong> \u2013 tikai ar skaidru piekri\u0161anu<\/p>\n<\/li>\n<\/ul>\n<p data-start=\"2788\" data-end=\"2910\">J\u016bs jebkur\u0101 laik\u0101 varat main\u012bt vai atsaukt savu s\u012bkdat\u0146u piekri\u0161anu, izmantojot s\u012bkdat\u0146u iestat\u012bjumus vai p\u0101rl\u016bkprogrammu.<\/p>\n<hr data-start=\"2912\" data-end=\"2915\" \/>\n<h2 data-start=\"2917\" data-end=\"2946\"><\/h2>\n<h2 data-start=\"2917\" data-end=\"2946\">6. Datu glab\u0101\u0161anas termi\u0146\u0161<\/h2>\n<p data-start=\"2948\" data-end=\"2975\">Personas dati tiek glab\u0101ti:<\/p>\n<ul data-start=\"2976\" data-end=\"3141\">\n<li data-start=\"2976\" data-end=\"3018\">\n<p data-start=\"2978\" data-end=\"3018\">tik ilgi, kam\u0113r past\u0101v l\u012bgumattiec\u012bbas<\/p>\n<\/li>\n<li data-start=\"3019\" data-end=\"3086\">\n<p data-start=\"3021\" data-end=\"3086\">tik ilgi, cik to pieprasa normat\u012bvie akti (piem., gr\u0101matved\u012bba)<\/p>\n<\/li>\n<li data-start=\"3087\" data-end=\"3141\">\n<p data-start=\"3089\" data-end=\"3141\">l\u012bdz piekri\u0161anas atsauk\u0161anai (m\u0101rketinga gad\u012bjum\u0101)<\/p>\n<\/li>\n<\/ul>\n<p data-start=\"3143\" data-end=\"3231\">Dati tiek regul\u0101ri p\u0101rskat\u012bti un dz\u0113sti vai anonimiz\u0113ti, kad tie vairs nav nepiecie\u0161ami.<\/p>\n<hr data-start=\"3233\" data-end=\"3236\" \/>\n<h2 data-start=\"3238\" data-end=\"3284\"><\/h2>\n<h2 data-start=\"3238\" data-end=\"3284\">7. Personas datu nodo\u0161ana tre\u0161aj\u0101m person\u0101m<\/h2>\n<p data-start=\"3286\" data-end=\"3316\">Personas dati var tikt nodoti:<\/p>\n<ul data-start=\"3317\" data-end=\"3467\">\n<li data-start=\"3317\" data-end=\"3359\">\n<p data-start=\"3319\" data-end=\"3359\">IT un hostinga pakalpojumu sniedz\u0113jiem<\/p>\n<\/li>\n<li data-start=\"3360\" data-end=\"3415\">\n<p data-start=\"3362\" data-end=\"3415\">anal\u012btikas un komunik\u0101cijas pakalpojumu sniedz\u0113jiem<\/p>\n<\/li>\n<li data-start=\"3416\" data-end=\"3467\">\n<p data-start=\"3418\" data-end=\"3467\">valsts iest\u0101d\u0113m, ja to pieprasa normat\u012bvie akti<\/p>\n<\/li>\n<\/ul>\n<p data-start=\"3469\" data-end=\"3521\">Visi apstr\u0101d\u0101t\u0101ji darbojas saska\u0146\u0101 ar GDPR pras\u012bb\u0101m.<\/p>\n<hr data-start=\"3523\" data-end=\"3526\" \/>\n<h2 data-start=\"3528\" data-end=\"3569\"><\/h2>\n<h2 data-start=\"3528\" data-end=\"3569\">8. Personas datu nodo\u0161ana \u0101rpus ES\/EEZ<\/h2>\n<p data-start=\"3571\" data-end=\"3691\">Ja Personas dati tiek nodoti \u0101rpus Eiropas Ekonomikas zonas, tiek nodro\u0161in\u0101ti atbilsto\u0161i aizsardz\u012bbas pas\u0101kumi, tostarp:<\/p>\n<ul data-start=\"3692\" data-end=\"3775\">\n<li data-start=\"3692\" data-end=\"3740\">\n<p data-start=\"3694\" data-end=\"3740\">Eiropas Komisijas l\u0113mumi par atbilst\u012bbu, vai<\/p>\n<\/li>\n<li data-start=\"3741\" data-end=\"3775\">\n<p data-start=\"3743\" data-end=\"3775\">Standarta l\u012bguma klauzulas (SCC)<\/p>\n<\/li>\n<\/ul>\n<hr data-start=\"3777\" data-end=\"3780\" \/>\n<h2 data-start=\"3782\" data-end=\"3801\"><\/h2>\n<h2 data-start=\"3782\" data-end=\"3801\">9. J\u016bsu ties\u012bbas<\/h2>\n<p data-start=\"3803\" data-end=\"3820\">Jums ir ties\u012bbas:<\/p>\n<ul data-start=\"3821\" data-end=\"4013\">\n<li data-start=\"3821\" data-end=\"3855\">\n<p data-start=\"3823\" data-end=\"3855\">piek\u013c\u016bt saviem Personas datiem<\/p>\n<\/li>\n<li data-start=\"3856\" data-end=\"3881\">\n<p data-start=\"3858\" data-end=\"3881\">piepras\u012bt to labo\u0161anu<\/p>\n<\/li>\n<li data-start=\"3882\" data-end=\"3903\">\n<p data-start=\"3884\" data-end=\"3903\">piepras\u012bt dz\u0113\u0161anu<\/p>\n<\/li>\n<li data-start=\"3904\" data-end=\"3926\">\n<p data-start=\"3906\" data-end=\"3926\">ierobe\u017eot apstr\u0101di<\/p>\n<\/li>\n<li data-start=\"3927\" data-end=\"3950\">\n<p data-start=\"3929\" data-end=\"3950\">uz datu p\u0101rnesam\u012bbu<\/p>\n<\/li>\n<li data-start=\"3951\" data-end=\"3976\">\n<p data-start=\"3953\" data-end=\"3976\">iebilst pret apstr\u0101di<\/p>\n<\/li>\n<li data-start=\"3977\" data-end=\"4013\">\n<p data-start=\"3979\" data-end=\"4013\">jebkur\u0101 laik\u0101 atsaukt piekri\u0161anu<\/p>\n<\/li>\n<\/ul>\n<p data-start=\"4015\" data-end=\"4073\">Jums ir ar\u012b ties\u012bbas iesniegt s\u016bdz\u012bbu uzraudz\u012bbas iest\u0101d\u0113:<\/p>\n<p data-start=\"4075\" data-end=\"4126\"><strong data-start=\"4075\" data-end=\"4101\">Datu valsts inspekcija<\/strong><br data-start=\"4101\" data-end=\"4104\" \/><a data-start=\"4104\" data-end=\"4126\" rel=\"noopener\" target=\"_new\" class=\"decorated-link\" href=\"https:\/\/www.dvi.gov.lv\">https:\/\/www.dvi.gov.lv<span aria-hidden=\"true\" class=\"ms-0.5 inline-block align-middle leading-none\"><svg xmlns=\"http:\/\/www.w3.org\/2000\/svg\" width=\"20\" height=\"20\" aria-hidden=\"true\" data-rtl-flip=\"\" class=\"block h-[0.75em] w-[0.75em] stroke-current stroke-[0.75]\"><use href=\"\/cdn\/assets\/sprites-core-k5zux585.svg#304883\" fill=\"currentColor\"><\/use><\/svg><\/span><\/a><\/p>\n<hr data-start=\"4128\" data-end=\"4131\" \/>\n<h2 data-start=\"4133\" data-end=\"4170\"><\/h2>\n<h2 data-start=\"4133\" data-end=\"4170\">10. Automatiz\u0113ta l\u0113mumu pie\u0146em\u0161ana<\/h2>\n<p data-start=\"4172\" data-end=\"4287\">M\u0113s <strong data-start=\"4176\" data-end=\"4192\">neizmantojam<\/strong> automatiz\u0113tu l\u0113mumu pie\u0146em\u0161anu vai profil\u0113\u0161anu, kas rad\u012btu Jums juridiskas vai b\u016btiskas sekas.<\/p>\n<hr data-start=\"4289\" data-end=\"4292\" \/>\n<h2 data-start=\"4294\" data-end=\"4322\"><\/h2>\n<h2 data-start=\"4294\" data-end=\"4322\">11. Personas datu dro\u0161\u012bba<\/h2>\n<p data-start=\"4324\" data-end=\"4480\">M\u0113s ievie\u0161am atbilsto\u0161us tehniskus un organizatoriskus pas\u0101kumus Personas datu aizsardz\u012bbai, ta\u010du neviena datu p\u0101rraides metode internet\u0101 nav piln\u012bgi dro\u0161a.<\/p>\n<hr data-start=\"4482\" data-end=\"4485\" \/>\n<h2 data-start=\"4487\" data-end=\"4516\"><\/h2>\n<h2 data-start=\"4487\" data-end=\"4516\">12. B\u0113rnu datu aizsardz\u012bba<\/h2>\n<p data-start=\"4518\" data-end=\"4636\">Pakalpojums nav paredz\u0113ts person\u0101m, kas jaun\u0101kas par <strong data-start=\"4571\" data-end=\"4584\">16 gadiem<\/strong>.<br data-start=\"4585\" data-end=\"4588\" \/>M\u0113s apzin\u0101ti neapstr\u0101d\u0101jam b\u0113rnu Personas datus.<\/p>\n<hr data-start=\"4638\" data-end=\"4641\" \/>\n<h2 data-start=\"4643\" data-end=\"4681\"><\/h2>\n<h2 data-start=\"4643\" data-end=\"4681\">13. Saites uz tre\u0161o personu vietn\u0113m<\/h2>\n<p data-start=\"4683\" data-end=\"4759\">M\u0113s neatbildam par tre\u0161o personu t\u012bmek\u013ca viet\u0146u saturu vai priv\u0101tuma praksi.<\/p>\n<hr data-start=\"4761\" data-end=\"4764\" \/>\n<h2 data-start=\"4766\" data-end=\"4800\"><\/h2>\n<h2 data-start=\"4766\" data-end=\"4800\">14. Izmai\u0146as Priv\u0101tuma politik\u0101<\/h2>\n<p data-start=\"4802\" data-end=\"4910\">Priv\u0101tuma politika var tikt periodiski atjaunin\u0101ta. Aktu\u0101l\u0101 versija vienm\u0113r ir pieejama m\u016bsu t\u012bmek\u013ca vietn\u0113.<\/p>\n<hr data-start=\"4912\" data-end=\"4915\" \/>\n<h2 data-start=\"4917\" data-end=\"4942\"><\/h2>\n<h2 data-start=\"4917\" data-end=\"4942\">15. Kontaktinform\u0101cija<\/h2>\n<p data-start=\"4944\" data-end=\"4990\"><strong data-start=\"4944\" data-end=\"4959\">SIA Sunwise<\/strong><br data-start=\"4959\" data-end=\"4962\" \/>E-pasts: <strong data-start=\"4971\" data-end=\"4990\"><a data-start=\"4973\" data-end=\"4988\" class=\"decorated-link cursor-pointer\" rel=\"noopener\">info@sunwise.lv<span aria-hidden=\"true\" class=\"ms-0.5 inline-block align-middle leading-none\"><svg xmlns=\"http:\/\/www.w3.org\/2000\/svg\" width=\"20\" height=\"20\" aria-hidden=\"true\" data-rtl-flip=\"\" class=\"block h-[0.75em] w-[0.75em] stroke-current stroke-[0.75]\"><use href=\"\/cdn\/assets\/sprites-core-k5zux585.svg#304883\" fill=\"currentColor\"><\/use><\/svg><\/span><\/a><\/strong><\/p>\n<ul><\/ul>\n<p>[\/et_pb_text][\/et_pb_column][\/et_pb_row][\/et_pb_section]<\/p>\n","protected":false},"excerpt":{"rendered":"<p>PRIV\u0100TUMA POLITIKA P\u0113d\u0113joreiz atjaunin\u0101ta: 2026. gada janv\u0101r\u012b \u0160\u012b Priv\u0101tuma politika skaidro, k\u0101 SIA Sunwise, Delu iela 4-8, R\u012bga, Latvija (\u201cSabiedr\u012bba\u201d, \u201cm\u0113s\u201d, \u201cmums\u201d, \u201cm\u016bsu\u201d) v\u0101c, izmanto, izpau\u017e un aizsarg\u0101 personas datus, kad J\u016bs izmantojat t\u012bmek\u013ca vietni https:\/\/sunwise.lv (\u201cPakalpojums\u201d). Personas datu apstr\u0101de tiek veikta saska\u0146\u0101 ar Eiropas Parlamenta un Padomes Regulu (ES) 2016\/679 (VDAR \/ GDPR) un [&hellip;]<\/p>\n","protected":false},"author":1,"featured_media":0,"parent":0,"menu_order":0,"comment_status":"closed","ping_status":"closed","template":"","meta":{"_et_pb_use_builder":"on","_et_pb_old_content":"","_et_gb_content_width":"","footnotes":""},"class_list":["post-1906","page","type-page","status-publish","hentry"],"yoast_head":"<!-- This site is optimized with the Yoast SEO plugin v21.5 - https:\/\/yoast.com\/wordpress\/plugins\/seo\/ -->\n<title>Priv\u0101tuma politika - Sunwise<\/title>\n<meta name=\"robots\" content=\"index, follow, max-snippet:-1, max-image-preview:large, max-video-preview:-1\" \/>\n<link rel=\"canonical\" href=\"https:\/\/sunwise.lv\/privacy-policy\/\" \/>\n<meta name=\"twitter:label1\" content=\"Est. reading time\" \/>\n\t<meta name=\"twitter:data1\" content=\"4 minutes\" \/>\n<script type=\"application\/ld+json\" class=\"yoast-schema-graph\">{\"@context\":\"https:\/\/schema.org\",\"@graph\":[{\"@type\":\"WebPage\",\"@id\":\"https:\/\/sunwise.lv\/privacy-policy\/\",\"url\":\"https:\/\/sunwise.lv\/privacy-policy\/\",\"name\":\"Priv\u0101tuma politika - Sunwise\",\"isPartOf\":{\"@id\":\"https:\/\/sunwise.lv\/#website\"},\"datePublished\":\"2022-01-16T15:37:58+00:00\",\"dateModified\":\"2026-01-23T16:18:47+00:00\",\"breadcrumb\":{\"@id\":\"https:\/\/sunwise.lv\/privacy-policy\/#breadcrumb\"},\"inLanguage\":\"lv-LV\",\"potentialAction\":[{\"@type\":\"ReadAction\",\"target\":[\"https:\/\/sunwise.lv\/privacy-policy\/\"]}]},{\"@type\":\"BreadcrumbList\",\"@id\":\"https:\/\/sunwise.lv\/privacy-policy\/#breadcrumb\",\"itemListElement\":[{\"@type\":\"ListItem\",\"position\":1,\"name\":\"Home\",\"item\":\"https:\/\/sunwise.lv\/\"},{\"@type\":\"ListItem\",\"position\":2,\"name\":\"Priv\u0101tuma politika\"}]},{\"@type\":\"WebSite\",\"@id\":\"https:\/\/sunwise.lv\/#website\",\"url\":\"https:\/\/sunwise.lv\/\",\"name\":\"Sunwise\",\"description\":\"Renewable energy solutions in the Baltics\",\"potentialAction\":[{\"@type\":\"SearchAction\",\"target\":{\"@type\":\"EntryPoint\",\"urlTemplate\":\"https:\/\/sunwise.lv\/?s={search_term_string}\"},\"query-input\":\"required name=search_term_string\"}],\"inLanguage\":\"lv-LV\"}]}<\/script>\n<!-- \/ Yoast SEO plugin. -->","yoast_head_json":{"title":"Priv\u0101tuma politika - Sunwise","robots":{"index":"index","follow":"follow","max-snippet":"max-snippet:-1","max-image-preview":"max-image-preview:large","max-video-preview":"max-video-preview:-1"},"canonical":"https:\/\/sunwise.lv\/privacy-policy\/","twitter_misc":{"Est. reading time":"4 minutes"},"schema":{"@context":"https:\/\/schema.org","@graph":[{"@type":"WebPage","@id":"https:\/\/sunwise.lv\/privacy-policy\/","url":"https:\/\/sunwise.lv\/privacy-policy\/","name":"Priv\u0101tuma politika - Sunwise","isPartOf":{"@id":"https:\/\/sunwise.lv\/#website"},"datePublished":"2022-01-16T15:37:58+00:00","dateModified":"2026-01-23T16:18:47+00:00","breadcrumb":{"@id":"https:\/\/sunwise.lv\/privacy-policy\/#breadcrumb"},"inLanguage":"lv-LV","potentialAction":[{"@type":"ReadAction","target":["https:\/\/sunwise.lv\/privacy-policy\/"]}]},{"@type":"BreadcrumbList","@id":"https:\/\/sunwise.lv\/privacy-policy\/#breadcrumb","itemListElement":[{"@type":"ListItem","position":1,"name":"Home","item":"https:\/\/sunwise.lv\/"},{"@type":"ListItem","position":2,"name":"Priv\u0101tuma politika"}]},{"@type":"WebSite","@id":"https:\/\/sunwise.lv\/#website","url":"https:\/\/sunwise.lv\/","name":"Sunwise","description":"Renewable energy solutions in the Baltics","potentialAction":[{"@type":"SearchAction","target":{"@type":"EntryPoint","urlTemplate":"https:\/\/sunwise.lv\/?s={search_term_string}"},"query-input":"required name=search_term_string"}],"inLanguage":"lv-LV"}]}},"_links":{"self":[{"href":"https:\/\/sunwise.lv\/lv\/wp-json\/wp\/v2\/pages\/1906","targetHints":{"allow":["GET"]}}],"collection":[{"href":"https:\/\/sunwise.lv\/lv\/wp-json\/wp\/v2\/pages"}],"about":[{"href":"https:\/\/sunwise.lv\/lv\/wp-json\/wp\/v2\/types\/page"}],"author":[{"embeddable":true,"href":"https:\/\/sunwise.lv\/lv\/wp-json\/wp\/v2\/users\/1"}],"replies":[{"embeddable":true,"href":"https:\/\/sunwise.lv\/lv\/wp-json\/wp\/v2\/comments?post=1906"}],"version-history":[{"count":3,"href":"https:\/\/sunwise.lv\/lv\/wp-json\/wp\/v2\/pages\/1906\/revisions"}],"predecessor-version":[{"id":2677,"href":"https:\/\/sunwise.lv\/lv\/wp-json\/wp\/v2\/pages\/1906\/revisions\/2677"}],"wp:attachment":[{"href":"https:\/\/sunwise.lv\/lv\/wp-json\/wp\/v2\/media?parent=1906"}],"curies":[{"name":"wp","href":"https:\/\/api.w.org\/{rel}","templated":true}]}}